{"id":8006,"date":"2023-11-05T21:50:47","date_gmt":"2023-11-05T21:50:47","guid":{"rendered":"https:\/\/www.klinika.co.uk\/dentalandmedicalclinic\/?page_id=8006"},"modified":"2024-09-02T13:59:53","modified_gmt":"2024-09-02T13:59:53","slug":"gastroenterology-services","status":"publish","type":"page","link":"https:\/\/www.klinika.co.uk\/dentalandmedicalclinic\/gastroenterology-services\/","title":{"rendered":"Gastroenterology Services"},"content":{"rendered":"\t\t<div data-elementor-type=\"wp-page\" data-elementor-id=\"8006\" class=\"elementor elementor-8006\">\n\t\t\t\t\t\t<section class=\"elementor-section elementor-top-section elementor-element elementor-element-03db0b3 tm-column-break-ipad-no tm-col-stretched-none elementor-section-boxed elementor-section-height-default elementor-section-height-default\" data-id=\"03db0b3\" data-element_type=\"section\" data-e-type=\"section\">\n\t\t\t\t\t\t<div class=\"elementor-container elementor-column-gap-no\">\n\t\t\t\t\t<div class=\"elementor-column elementor-col-100 elementor-top-column elementor-element elementor-element-2b0314e\" data-id=\"2b0314e\" data-element_type=\"column\" data-e-type=\"column\">\n\t\t\t<div class=\"elementor-widget-wrap elementor-element-populated\">\n\t\t\t\t\t\t<div class=\"elementor-element elementor-element-ca483dc elementor-widget elementor-widget-image\" data-id=\"ca483dc\" data-element_type=\"widget\" data-e-type=\"widget\" data-widget_type=\"image.default\">\n\t\t\t\t<div class=\"elementor-widget-container\">\n\t\t\t\t\t\t\t\t\t\t\t\t\t\t\t<img decoding=\"async\" src=\"https:\/\/www.klinika.co.uk\/dentalandmedicalclinic\/wp-content\/uploads\/sites\/4\/elementor\/thumbs\/Pulmonology-5-qf498xnocx8cepim9302qedlk8zq67xfrqt5qyel54.png\" title=\"Pulmonology (5)\" alt=\"Pulmonology (5)\" loading=\"lazy\" \/>\t\t\t\t\t\t\t\t\t\t\t\t\t\t\t<\/div>\n\t\t\t\t<\/div>\n\t\t\t\t<div class=\"elementor-element elementor-element-6e26511 elementor-widget elementor-widget-heading\" data-id=\"6e26511\" data-element_type=\"widget\" data-e-type=\"widget\" data-widget_type=\"heading.default\">\n\t\t\t\t<div class=\"elementor-widget-container\">\n\t\t\t\t\t<h2 class=\"elementor-heading-title elementor-size-default\">Gastroenterology at Dental &amp; Medical Clinic in Barking<\/h2>\t\t\t\t<\/div>\n\t\t\t\t<\/div>\n\t\t\t\t<div class=\"elementor-element elementor-element-4afab7d elementor-widget elementor-widget-text-editor\" data-id=\"4afab7d\" data-element_type=\"widget\" data-e-type=\"widget\" data-widget_type=\"text-editor.default\">\n\t\t\t\t<div class=\"elementor-widget-container\">\n\t\t\t\t\t\t\t\t\t<p>At Dental &amp; Medical Clinic in Barking, we understand that a happy digestive system is key to a happy life. Our Gastroenterology services are here to ensure that your gut health is at its best, offering expert care for your stomach, liver, and intestines.<\/p>\t\t\t\t\t\t\t\t<\/div>\n\t\t\t\t<\/div>\n\t\t\t\t<div class=\"elementor-element elementor-element-25fc0c0 elementor-widget elementor-widget-heading\" data-id=\"25fc0c0\" data-element_type=\"widget\" data-e-type=\"widget\" data-widget_type=\"heading.default\">\n\t\t\t\t<div class=\"elementor-widget-container\">\n\t\t\t\t\t<h2 class=\"elementor-heading-title elementor-size-default\">In-Depth Gastroenterology Care<\/h2>\t\t\t\t<\/div>\n\t\t\t\t<\/div>\n\t\t\t\t<div class=\"elementor-element elementor-element-e42ae91 elementor-widget elementor-widget-text-editor\" data-id=\"e42ae91\" data-element_type=\"widget\" data-e-type=\"widget\" data-widget_type=\"text-editor.default\">\n\t\t\t\t<div class=\"elementor-widget-container\">\n\t\t\t\t\t\t\t\t\t<p>Gastroenterology is all about understanding and treating the digestive tract. Whether you&#8217;re dealing with discomfort after eating, chronic stomach issues, or liver and intestinal conditions, our gastroenterologists are here to help. They have the expertise to diagnose issues accurately and provide treatments that work for you.<\/p><p>Your appointments are more than just check-ups; they are a partnership in your health. Our specialists will discuss your symptoms, suggest lifestyle adjustments, and, when necessary, perform advanced procedures to get to the bottom of any digestive health concerns.<\/p><p>At Dental &amp; Medical Clinic in Barking, you&#8217;ll receive comprehensive care designed to improve your overall digestive health, so you can live your life comfortably and free from digestive worries.<\/p><p>onditions. Our GPs are experts in keeping you healthy in the long term, with advice on lifestyle changes and regular check-ups. If you need specialized care, they\u2019ll coordinate with the best experts, making sure you get the comprehensive care you need.<span class=\"Apple-converted-space\">\u00a0 <\/span>At our clinic, we\u2019re all about friendly, professional care that you can trust. We\u2019re here to listen and support you with the right advice and treatment to keep you feeling your best.<\/p>\t\t\t\t\t\t\t\t<\/div>\n\t\t\t\t<\/div>\n\t\t\t\t<div class=\"elementor-element elementor-element-8688748 elementor-widget elementor-widget-heading\" data-id=\"8688748\" data-element_type=\"widget\" data-e-type=\"widget\" data-widget_type=\"heading.default\">\n\t\t\t\t<div class=\"elementor-widget-container\">\n\t\t\t\t\t<h2 class=\"elementor-heading-title elementor-size-default\">Our Gastroenteorology Consultant\n<\/h2>\t\t\t\t<\/div>\n\t\t\t\t<\/div>\n\t\t\t\t<div class=\"elementor-element elementor-element-599b0c7 elementor-widget-divider--view-line elementor-widget elementor-widget-divider\" data-id=\"599b0c7\" data-element_type=\"widget\" data-e-type=\"widget\" data-widget_type=\"divider.default\">\n\t\t\t\t<div class=\"elementor-widget-container\">\n\t\t\t\t\t\t\t<div class=\"elementor-divider\">\n\t\t\t<span class=\"elementor-divider-separator\">\n\t\t\t\t\t\t<\/span>\n\t\t<\/div>\n\t\t\t\t\t\t<\/div>\n\t\t\t\t<\/div>\n\t\t\t\t<div class=\"elementor-element elementor-element-a4d8fef tm-align-left elementor-widget elementor-widget-tm_team_element\" data-id=\"a4d8fef\" data-element_type=\"widget\" data-e-type=\"widget\" data-widget_type=\"tm_team_element.default\">\n\t\t\t\t<div class=\"elementor-widget-container\">\n\t\t\t\t\t<div class=\"themetechmount-boxes themetechmount-boxes-team themetechmount-element-teambox-overlay themetechmount-boxes-view-carousel themetechmount-boxes-col-three tm-boxes-carousel-arrow- tm-boxes-carousel-arrows-0 themetechmount-boxes-textalign-left themetechmount-boxes-spacing-30px\" data-tm-show=\"2\" data-tm-loop=\"1\" data-tm-autoplay=\"0\" data-tm-centermode=\"0\" data-tm-nav=\"\" data-tm-dots=\"\" data-tm-slidestoscroll=\"1\" data-tm-autoplayspeed=\"4500\" data-tm-margin=\"30px\"><div class=\"themetechmount-boxes-inner\">\n\t\t\t<div class=\"themetechmount-box-heading-wrapper tm-boxwithout-heading\">\n\t\t\t\t<div class=\"tm-element-heading-content-wrapper left-align  tm-seperator-solid  tm-heading-style-vertical \"><div class=\"tm-content-header\"><div class=\"heading-seperator\"><span><\/span><\/div><\/div><\/div>\t\t\t\t\t\t\t<\/div>\n\n\t\t\t<div class=\"themetechmount-boxes-row-wrapper row multi-columns-row\">\n\n\t\t\t<div class=\"tm-box-col-wrapper  gastroenteorology col-lg-4 col-sm-6 col-md-4 col-xs-12\"><article class=\"themetechmount-box themetechmount-box-team themetechmount-teambox-view-overlay\">\n\t<div class=\"themetechmount-post-item\">\n\t\t<div class=\"themetechmount-team-image-box\">\n\t\t\t\n\t\t<span class=\"themetechmount-item-thumbnail\">\n\t\t\t<span class=\"themetechmount-item-thumbnail-inner\">\n\t\t\t\t<img fetchpriority=\"high\" decoding=\"async\" width=\"370\" height=\"380\" src=\"https:\/\/www.klinika.co.uk\/dentalandmedicalclinic\/wp-content\/uploads\/sites\/4\/2023\/11\/Frame-1272629420.png\" class=\"attachment-themetechmount-img-teamoverlay size-themetechmount-img-teamoverlay wp-post-image\" alt=\"\" srcset=\"https:\/\/www.klinika.co.uk\/dentalandmedicalclinic\/wp-content\/uploads\/sites\/4\/2023\/11\/Frame-1272629420.png 370w, https:\/\/www.klinika.co.uk\/dentalandmedicalclinic\/wp-content\/uploads\/sites\/4\/2023\/11\/Frame-1272629420-292x300.png 292w\" sizes=\"(max-width: 370px) 100vw, 370px\" data-id=\"8210\" \/>\n\t\t\t<\/span>\n\t\t<\/span>\t        <div class=\"themetechmount-overlay\">\n\t\t\t\t<div class=\"themetechmount-icon-box themetechmount-box-link\"><a href=\"https:\/\/www.klinika.co.uk\/dentalandmedicalclinic\/team-member\/dr-jurate-venteriene\/\"><i class=\"tm-brivona-icon-plus-1\"><\/i><\/a><\/div>\t\n\t\t\t<\/div>\t\n\t\t<\/div>\t\n\t\t\t<div class=\"themetechmount-box-content\">\n\t\t\t\t<div class=\"themetechmount-team-position\">Consultant Gastroenterologist<\/div>\n\t\t\t\t<div class=\"themetechmount-box-title\"><h4><a href=\"https:\/\/www.klinika.co.uk\/dentalandmedicalclinic\/team-member\/dr-jurate-venteriene\/\">Dr. J\u016brat\u0117 Venterien\u0117<\/a><\/h4><\/div>\t\t\t\t\t\t\t\t\n\t\t\t<\/div>\t\t\t\n\t<\/div>\n<\/article>\n <\/div>\n\t\t\t<\/div>\n\n\t\t\t<\/div><!-- .themetechmount-boxes-inner -->   <\/div><!-- .themetechmount-boxes -->  \t\t\t\t<\/div>\n\t\t\t\t<\/div>\n\t\t\t\t\t<\/div>\n\t\t<\/div>\n\t\t\t\t\t<\/div>\n\t\t<\/section>\n\t\t\t\t<section class=\"elementor-section elementor-top-section elementor-element elementor-element-ba8e73a tm-column-break-ipad-no tm-col-stretched-none elementor-section-boxed elementor-section-height-default elementor-section-height-default\" data-id=\"ba8e73a\" data-element_type=\"section\" data-e-type=\"section\">\n\t\t\t\t\t\t<div class=\"elementor-container elementor-column-gap-default\">\n\t\t\t\t\t<div class=\"elementor-column elementor-col-100 elementor-top-column elementor-element elementor-element-22b151d\" data-id=\"22b151d\" data-element_type=\"column\" data-e-type=\"column\">\n\t\t\t<div class=\"elementor-widget-wrap elementor-element-populated\">\n\t\t\t\t\t\t<div class=\"elementor-element elementor-element-051c2b3 elementor-widget elementor-widget-heading\" data-id=\"051c2b3\" data-element_type=\"widget\" data-e-type=\"widget\" data-widget_type=\"heading.default\">\n\t\t\t\t<div class=\"elementor-widget-container\">\n\t\t\t\t\t<h4 class=\"elementor-heading-title elementor-size-default\">Gastroenterology and Abdominal Surgeon Services<\/h4>\t\t\t\t<\/div>\n\t\t\t\t<\/div>\n\t\t\t\t<section class=\"elementor-section elementor-inner-section elementor-element elementor-element-dd8f55f tm-column-break-ipad-no tm-col-stretched-none elementor-section-boxed elementor-section-height-default elementor-section-height-default\" data-id=\"dd8f55f\" data-element_type=\"section\" data-e-type=\"section\">\n\t\t\t\t\t\t<div class=\"elementor-container elementor-column-gap-default\">\n\t\t\t\t\t<div class=\"elementor-column elementor-col-100 elementor-inner-column elementor-element elementor-element-099d2da\" data-id=\"099d2da\" data-element_type=\"column\" data-e-type=\"column\">\n\t\t\t<div class=\"elementor-widget-wrap elementor-element-populated\">\n\t\t\t\t\t\t<div class=\"elementor-element elementor-element-685de37 elementor-widget elementor-widget-tm_pricelistbox_element\" data-id=\"685de37\" data-element_type=\"widget\" data-e-type=\"widget\" data-widget_type=\"tm_pricelistbox_element.default\">\n\t\t\t\t<div class=\"elementor-widget-container\">\n\t\t\t\t\t\n\t\t<div class=\"themetechmount-pricelistbox-wrapper\">\n\t\t\t<div class=\"tm-pricelist-block-wrapper\">\n\t\t\t\t<ul class=\"tm-pricelist-block\">\n\t\t<li> <span class=\"service-label\"><strong>Upper GI surgeon consultation<\/strong><\/span><span class=\"service-price\"><strong>\u00a3150<\/strong><\/span><\/li><li> <span class=\"service-label\"><strong>Gastroenterologist Consultation<\/strong><\/span><span class=\"service-price\"><strong>\u00a3150<\/strong><\/span><\/li><li> <span class=\"service-label\"><strong>Follow up GI Surgeon Consultation<\/strong><\/span><span class=\"service-price\"><strong>\u00a3100<\/strong><\/span><\/li><li> <span class=\"service-label\"><strong>Follow up Gastroenterologist Consultation<\/strong><\/span><span class=\"service-price\"><strong>\u00a3100<\/strong><\/span><\/li><li> <span class=\"service-label\"><strong>Abdominal Ultrasound scan<\/strong><\/span><span class=\"service-price\"><strong>\u00a3110<\/strong><\/span><\/li><li> <span class=\"service-label\"><strong>Endoscopy investigation. Gastroscopy<\/strong><\/span><span class=\"service-price\"><strong>\u00a3810<\/strong><\/span><\/li><li> <span class=\"service-label\"><strong>Flexible sigmoidoscopy with bowel preparation<\/strong><\/span><span class=\"service-price\"><strong>\u00a3810<\/strong><\/span><\/li><li> <span class=\"service-label\"><strong>Food Intolerance Test including Gastroenterologist Consultation<\/strong><\/span><span class=\"service-price\"><strong>\u00a3280<\/strong><\/span><\/li><li> <span class=\"service-label\"><strong>Proctoscopy<\/strong><\/span><span class=\"service-price\"><strong>\u00a3140<\/strong><\/span><\/li>\t\t\t\t<\/ul>\n\t\t\t<\/div>\n\t\t<\/div>\n\n\t    \t\t\t\t<\/div>\n\t\t\t\t<\/div>\n\t\t\t\t<div class=\"elementor-element elementor-element-3e8ab42 tm-btn-color-skincolor tm-btn-style-flat tm-btn-shape-square elementor-widget elementor-widget-button\" data-id=\"3e8ab42\" data-element_type=\"widget\" data-e-type=\"widget\" data-widget_type=\"button.default\">\n\t\t\t\t<div class=\"elementor-widget-container\">\n\t\t\t\t\t\t\t\t\t<div class=\"elementor-button-wrapper\">\n\t\t\t\t\t<a class=\"elementor-button elementor-button-link elementor-size-sm\" href=\"https:\/\/partner.pabau.com\/online-bookings\/klinika-limited\">\n\t\t\t\t\t\t<span class=\"elementor-button-content-wrapper\">\n\t\t\t\t\t\t\t\t\t<span class=\"elementor-button-text\">Book online<\/span>\n\t\t\t\t\t<\/span>\n\t\t\t\t\t<\/a>\n\t\t\t\t<\/div>\n\t\t\t\t\t\t\t\t<\/div>\n\t\t\t\t<\/div>\n\t\t\t\t<div class=\"elementor-element elementor-element-0224b8c elementor-widget elementor-widget-text-editor\" data-id=\"0224b8c\" data-element_type=\"widget\" data-e-type=\"widget\" data-widget_type=\"text-editor.default\">\n\t\t\t\t<div class=\"elementor-widget-container\">\n\t\t\t\t\t\t\t\t\t<p class=\"p1\">Got questions? <a href=\"https:\/\/www.klinika.co.uk\/dentalandmedicalclinic\/contact-us\/\">Please ask!<\/a><\/p><p class=\"p1\">If you don\u2019t have time to write, please call us, everyday between 8 AM and 19:00 &#8211; We are here to help!<\/p>\t\t\t\t\t\t\t\t<\/div>\n\t\t\t\t<\/div>\n\t\t\t\t\t<\/div>\n\t\t<\/div>\n\t\t\t\t\t<\/div>\n\t\t<\/section>\n\t\t\t\t\t<\/div>\n\t\t<\/div>\n\t\t\t\t\t<\/div>\n\t\t<\/section>\n\t\t\t\t<\/div>\n\t\t","protected":false},"excerpt":{"rendered":"<p>Gastroenterology at Dental &#038; Medical Clinic in Barking At Dental &amp; Medical Clinic in Barking, we understand that a happy digestive system is key to a happy life. Our Gastroenterology services are here to ensure that your gut health is at its best, offering expert care for your stomach, liver, and intestines. In-Depth Gastroenterology Care &hellip; <a href=\"https:\/\/www.klinika.co.uk\/dentalandmedicalclinic\/team-member\/dr-jurate-venteriene\/\" class=\"more-link\">Continue reading <span class=\"screen-reader-text\">Dr. J\u016brat\u0117 Venterien\u0117<\/span><\/a><\/p>\n","protected":false},"author":1,"featured_media":0,"parent":0,"menu_order":0,"comment_status":"closed","ping_status":"closed","template":"","meta":{"footnotes":""},"class_list":["post-8006","page","type-page","status-publish","hentry"],"yoast_head":"<!-- This site is optimized with the Yoast SEO plugin v27.5 - https:\/\/yoast.com\/product\/yoast-seo-wordpress\/ -->\n<title>Gastroenterology Services - Dental &amp; Medical Clinic in Barking<\/title>\n<meta name=\"robots\" content=\"index, follow, max-snippet:-1, max-image-preview:large, max-video-preview:-1\" \/>\n<link rel=\"canonical\" href=\"https:\/\/www.klinika.co.uk\/dentalandmedicalclinic\/gastroenterology-services\/\" \/>\n<meta property=\"og:locale\" content=\"en_US\" \/>\n<meta property=\"og:type\" content=\"article\" \/>\n<meta property=\"og:title\" content=\"Gastroenterology Services - Dental &amp; Medical Clinic in Barking\" \/>\n<meta property=\"og:description\" content=\"Gastroenterology at Dental &#038; Medical Clinic in Barking At Dental &amp; Medical Clinic in Barking, we understand that a happy digestive system is key to a happy life. Our Gastroenterology services are here to ensure that your gut health is at its best, offering expert care for your stomach, liver, and intestines. In-Depth Gastroenterology Care &hellip; Continue reading Dr. J\u016brat\u0117 Venterien\u0117\" \/>\n<meta property=\"og:url\" content=\"https:\/\/www.klinika.co.uk\/dentalandmedicalclinic\/gastroenterology-services\/\" \/>\n<meta property=\"og:site_name\" content=\"Dental &amp; Medical Clinic in Barking\" \/>\n<meta property=\"article:modified_time\" content=\"2024-09-02T13:59:53+00:00\" \/>\n<meta property=\"og:image\" content=\"https:\/\/www.klinika.co.uk\/dentalandmedicalclinic\/wp-content\/uploads\/sites\/4\/elementor\/thumbs\/Pulmonology-5-qf498xnocx8cepim9302qedlk8zq67xfrqt5qyel54.png\" \/>\n<meta name=\"twitter:card\" content=\"summary_large_image\" \/>\n<meta name=\"twitter:label1\" content=\"Est. reading time\" \/>\n\t<meta name=\"twitter:data1\" content=\"2 minutes\" \/>\n<script type=\"application\/ld+json\" class=\"yoast-schema-graph\">{\"@context\":\"https:\\\/\\\/schema.org\",\"@graph\":[{\"@type\":\"WebPage\",\"@id\":\"https:\\\/\\\/www.klinika.co.uk\\\/dentalandmedicalclinic\\\/gastroenterology-services\\\/\",\"url\":\"https:\\\/\\\/www.klinika.co.uk\\\/dentalandmedicalclinic\\\/gastroenterology-services\\\/\",\"name\":\"Gastroenterology Services - Dental & Medical Clinic in Barking\",\"isPartOf\":{\"@id\":\"https:\\\/\\\/www.klinika.co.uk\\\/dentalandmedicalclinic\\\/#website\"},\"primaryImageOfPage\":{\"@id\":\"https:\\\/\\\/www.klinika.co.uk\\\/dentalandmedicalclinic\\\/gastroenterology-services\\\/#primaryimage\"},\"image\":{\"@id\":\"https:\\\/\\\/www.klinika.co.uk\\\/dentalandmedicalclinic\\\/gastroenterology-services\\\/#primaryimage\"},\"thumbnailUrl\":\"https:\\\/\\\/www.klinika.co.uk\\\/dentalandmedicalclinic\\\/wp-content\\\/uploads\\\/sites\\\/4\\\/elementor\\\/thumbs\\\/Pulmonology-5-qf498xnocx8cepim9302qedlk8zq67xfrqt5qyel54.png\",\"datePublished\":\"2023-11-05T21:50:47+00:00\",\"dateModified\":\"2024-09-02T13:59:53+00:00\",\"breadcrumb\":{\"@id\":\"https:\\\/\\\/www.klinika.co.uk\\\/dentalandmedicalclinic\\\/gastroenterology-services\\\/#breadcrumb\"},\"inLanguage\":\"en-US\",\"potentialAction\":[{\"@type\":\"ReadAction\",\"target\":[\"https:\\\/\\\/www.klinika.co.uk\\\/dentalandmedicalclinic\\\/gastroenterology-services\\\/\"]}]},{\"@type\":\"ImageObject\",\"inLanguage\":\"en-US\",\"@id\":\"https:\\\/\\\/www.klinika.co.uk\\\/dentalandmedicalclinic\\\/gastroenterology-services\\\/#primaryimage\",\"url\":\"https:\\\/\\\/www.klinika.co.uk\\\/dentalandmedicalclinic\\\/wp-content\\\/uploads\\\/sites\\\/4\\\/elementor\\\/thumbs\\\/Pulmonology-5-qf498xnocx8cepim9302qedlk8zq67xfrqt5qyel54.png\",\"contentUrl\":\"https:\\\/\\\/www.klinika.co.uk\\\/dentalandmedicalclinic\\\/wp-content\\\/uploads\\\/sites\\\/4\\\/elementor\\\/thumbs\\\/Pulmonology-5-qf498xnocx8cepim9302qedlk8zq67xfrqt5qyel54.png\"},{\"@type\":\"BreadcrumbList\",\"@id\":\"https:\\\/\\\/www.klinika.co.uk\\\/dentalandmedicalclinic\\\/gastroenterology-services\\\/#breadcrumb\",\"itemListElement\":[{\"@type\":\"ListItem\",\"position\":1,\"name\":\"Home\",\"item\":\"https:\\\/\\\/www.klinika.co.uk\\\/dentalandmedicalclinic\\\/\"},{\"@type\":\"ListItem\",\"position\":2,\"name\":\"Gastroenterology Services\"}]},{\"@type\":\"WebSite\",\"@id\":\"https:\\\/\\\/www.klinika.co.uk\\\/dentalandmedicalclinic\\\/#website\",\"url\":\"https:\\\/\\\/www.klinika.co.uk\\\/dentalandmedicalclinic\\\/\",\"name\":\"Dental & Medical Clinic in Barking\",\"description\":\"Dental &amp; Medical Services in East London - Barking\",\"potentialAction\":[{\"@type\":\"SearchAction\",\"target\":{\"@type\":\"EntryPoint\",\"urlTemplate\":\"https:\\\/\\\/www.klinika.co.uk\\\/dentalandmedicalclinic\\\/?s={search_term_string}\"},\"query-input\":{\"@type\":\"PropertyValueSpecification\",\"valueRequired\":true,\"valueName\":\"search_term_string\"}}],\"inLanguage\":\"en-US\"}]}<\/script>\n<!-- \/ Yoast SEO plugin. -->","yoast_head_json":{"title":"Gastroenterology Services - Dental & Medical Clinic in Barking","robots":{"index":"index","follow":"follow","max-snippet":"max-snippet:-1","max-image-preview":"max-image-preview:large","max-video-preview":"max-video-preview:-1"},"canonical":"https:\/\/www.klinika.co.uk\/dentalandmedicalclinic\/gastroenterology-services\/","og_locale":"en_US","og_type":"article","og_title":"Gastroenterology Services - Dental & Medical Clinic in Barking","og_description":"Gastroenterology at Dental &#038; Medical Clinic in Barking At Dental &amp; Medical Clinic in Barking, we understand that a happy digestive system is key to a happy life. Our Gastroenterology services are here to ensure that your gut health is at its best, offering expert care for your stomach, liver, and intestines. In-Depth Gastroenterology Care &hellip; Continue reading Dr. J\u016brat\u0117 Venterien\u0117","og_url":"https:\/\/www.klinika.co.uk\/dentalandmedicalclinic\/gastroenterology-services\/","og_site_name":"Dental & Medical Clinic in Barking","article_modified_time":"2024-09-02T13:59:53+00:00","og_image":[{"url":"https:\/\/www.klinika.co.uk\/dentalandmedicalclinic\/wp-content\/uploads\/sites\/4\/elementor\/thumbs\/Pulmonology-5-qf498xnocx8cepim9302qedlk8zq67xfrqt5qyel54.png","type":"","width":"","height":""}],"twitter_card":"summary_large_image","twitter_misc":{"Est. reading time":"2 minutes"},"schema":{"@context":"https:\/\/schema.org","@graph":[{"@type":"WebPage","@id":"https:\/\/www.klinika.co.uk\/dentalandmedicalclinic\/gastroenterology-services\/","url":"https:\/\/www.klinika.co.uk\/dentalandmedicalclinic\/gastroenterology-services\/","name":"Gastroenterology Services - Dental & Medical Clinic in Barking","isPartOf":{"@id":"https:\/\/www.klinika.co.uk\/dentalandmedicalclinic\/#website"},"primaryImageOfPage":{"@id":"https:\/\/www.klinika.co.uk\/dentalandmedicalclinic\/gastroenterology-services\/#primaryimage"},"image":{"@id":"https:\/\/www.klinika.co.uk\/dentalandmedicalclinic\/gastroenterology-services\/#primaryimage"},"thumbnailUrl":"https:\/\/www.klinika.co.uk\/dentalandmedicalclinic\/wp-content\/uploads\/sites\/4\/elementor\/thumbs\/Pulmonology-5-qf498xnocx8cepim9302qedlk8zq67xfrqt5qyel54.png","datePublished":"2023-11-05T21:50:47+00:00","dateModified":"2024-09-02T13:59:53+00:00","breadcrumb":{"@id":"https:\/\/www.klinika.co.uk\/dentalandmedicalclinic\/gastroenterology-services\/#breadcrumb"},"inLanguage":"en-US","potentialAction":[{"@type":"ReadAction","target":["https:\/\/www.klinika.co.uk\/dentalandmedicalclinic\/gastroenterology-services\/"]}]},{"@type":"ImageObject","inLanguage":"en-US","@id":"https:\/\/www.klinika.co.uk\/dentalandmedicalclinic\/gastroenterology-services\/#primaryimage","url":"https:\/\/www.klinika.co.uk\/dentalandmedicalclinic\/wp-content\/uploads\/sites\/4\/elementor\/thumbs\/Pulmonology-5-qf498xnocx8cepim9302qedlk8zq67xfrqt5qyel54.png","contentUrl":"https:\/\/www.klinika.co.uk\/dentalandmedicalclinic\/wp-content\/uploads\/sites\/4\/elementor\/thumbs\/Pulmonology-5-qf498xnocx8cepim9302qedlk8zq67xfrqt5qyel54.png"},{"@type":"BreadcrumbList","@id":"https:\/\/www.klinika.co.uk\/dentalandmedicalclinic\/gastroenterology-services\/#breadcrumb","itemListElement":[{"@type":"ListItem","position":1,"name":"Home","item":"https:\/\/www.klinika.co.uk\/dentalandmedicalclinic\/"},{"@type":"ListItem","position":2,"name":"Gastroenterology Services"}]},{"@type":"WebSite","@id":"https:\/\/www.klinika.co.uk\/dentalandmedicalclinic\/#website","url":"https:\/\/www.klinika.co.uk\/dentalandmedicalclinic\/","name":"Dental & Medical Clinic in Barking","description":"Dental &amp; Medical Services in East London - Barking","potentialAction":[{"@type":"SearchAction","target":{"@type":"EntryPoint","urlTemplate":"https:\/\/www.klinika.co.uk\/dentalandmedicalclinic\/?s={search_term_string}"},"query-input":{"@type":"PropertyValueSpecification","valueRequired":true,"valueName":"search_term_string"}}],"inLanguage":"en-US"}]}},"_links":{"self":[{"href":"https:\/\/www.klinika.co.uk\/dentalandmedicalclinic\/wp-json\/wp\/v2\/pages\/8006","targetHints":{"allow":["GET"]}}],"collection":[{"href":"https:\/\/www.klinika.co.uk\/dentalandmedicalclinic\/wp-json\/wp\/v2\/pages"}],"about":[{"href":"https:\/\/www.klinika.co.uk\/dentalandmedicalclinic\/wp-json\/wp\/v2\/types\/page"}],"author":[{"embeddable":true,"href":"https:\/\/www.klinika.co.uk\/dentalandmedicalclinic\/wp-json\/wp\/v2\/users\/1"}],"replies":[{"embeddable":true,"href":"https:\/\/www.klinika.co.uk\/dentalandmedicalclinic\/wp-json\/wp\/v2\/comments?post=8006"}],"version-history":[{"count":10,"href":"https:\/\/www.klinika.co.uk\/dentalandmedicalclinic\/wp-json\/wp\/v2\/pages\/8006\/revisions"}],"predecessor-version":[{"id":9350,"href":"https:\/\/www.klinika.co.uk\/dentalandmedicalclinic\/wp-json\/wp\/v2\/pages\/8006\/revisions\/9350"}],"wp:attachment":[{"href":"https:\/\/www.klinika.co.uk\/dentalandmedicalclinic\/wp-json\/wp\/v2\/media?parent=8006"}],"curies":[{"name":"wp","href":"https:\/\/api.w.org\/{rel}","templated":true}]}}